{"id":224282,"date":"2021-10-30T01:25:00","date_gmt":"2021-10-30T01:25:00","guid":{"rendered":"http:\/\/www.sinanmertsener.com\/?page_id=224282"},"modified":"2022-08-11T08:06:43","modified_gmt":"2022-08-11T08:06:43","slug":"portfolio","status":"publish","type":"page","link":"https:\/\/www.hivetas.com\/tr\/portfolio\/","title":{"rendered":"Portfolyo"},"content":{"rendered":"<p>[et_pb_section fb_built=&#8221;1&#8243; admin_label=&#8221;Header&#8221; _builder_version=&#8221;4.16&#8243; use_background_color_gradient=&#8221;on&#8221; background_color_gradient_stops=&#8221;rgba(0,0,0,0.5) 0%|rgba(0,0,0,0.5) 100%&#8221; background_color_gradient_start=&#8221;rgba(0,0,0,0.5)&#8221; background_color_gradient_end=&#8221;rgba(0,0,0,0.5)&#8221; background_image=&#8221;https:\/\/www.hivetas.com\/wp-content\/uploads\/2021\/10\/lecturers_building.jpg&#8221; parallax=&#8221;on&#8221; filter_saturate=&#8221;0%&#8221; locked=&#8221;off&#8221; global_colors_info=&#8221;{}&#8221;][et_pb_row _builder_version=&#8221;4.16&#8243; global_colors_info=&#8221;{}&#8221;][et_pb_column type=&#8221;4_4&#8243; _builder_version=&#8221;4.16&#8243; global_colors_info=&#8221;{}&#8221;][et_pb_text _builder_version=&#8221;4.16&#8243; header_font=&#8221;Montserrat|600||on|||||&#8221; header_text_color=&#8221;#FFFFFF&#8221; header_font_size=&#8221;48px&#8221; header_letter_spacing=&#8221;5px&#8221; header_2_font=&#8221;Montserrat|600||on|||||&#8221; header_2_text_color=&#8221;#FFFFFF&#8221; header_2_letter_spacing=&#8221;5px&#8221; header_3_font=&#8221;Montserrat|600||on|||||&#8221; header_3_text_color=&#8221;#FFFFFF&#8221; header_3_letter_spacing=&#8221;5px&#8221; header_4_font=&#8221;Montserrat|600||on|||||&#8221; header_4_text_color=&#8221;#FFFFFF&#8221; header_4_letter_spacing=&#8221;5px&#8221; header_5_font=&#8221;Montserrat|600||on|||||&#8221; header_5_text_color=&#8221;#FFFFFF&#8221; header_5_letter_spacing=&#8221;5px&#8221; header_6_font=&#8221;Montserrat|600||on|||||&#8221; header_6_text_color=&#8221;#FFFFFF&#8221; header_6_letter_spacing=&#8221;5px&#8221; text_orientation=&#8221;center&#8221; background_layout=&#8221;dark&#8221; max_width=&#8221;795px&#8221; module_alignment=&#8221;center&#8221; custom_margin=&#8221;||10px||false|false&#8221; header_font_size_tablet=&#8221;30px&#8221; header_font_size_phone=&#8221;24px&#8221; header_font_size_last_edited=&#8221;on|phone&#8221; header_2_font_size_tablet=&#8221;30px&#8221; header_2_font_size_phone=&#8221;24px&#8221; header_2_font_size_last_edited=&#8221;on|phone&#8221; header_3_font_size_tablet=&#8221;30px&#8221; header_3_font_size_phone=&#8221;24px&#8221; header_3_font_size_last_edited=&#8221;on|phone&#8221; header_4_font_size_tablet=&#8221;30px&#8221; header_4_font_size_phone=&#8221;24px&#8221; header_4_font_size_last_edited=&#8221;on|phone&#8221; header_5_font_size_tablet=&#8221;30px&#8221; header_5_font_size_phone=&#8221;24px&#8221; header_5_font_size_last_edited=&#8221;on|phone&#8221; header_6_font_size_tablet=&#8221;30px&#8221; header_6_font_size_phone=&#8221;24px&#8221; header_6_font_size_last_edited=&#8221;on|phone&#8221; header_text_shadow_style=&#8221;preset2&#8243; header_text_shadow_horizontal_length=&#8221;0.04em&#8221; header_text_shadow_vertical_length=&#8221;0.04em&#8221; header_2_text_shadow_style=&#8221;preset2&#8243; header_2_text_shadow_horizontal_length=&#8221;0.04em&#8221; header_2_text_shadow_vertical_length=&#8221;0.04em&#8221; header_3_text_shadow_style=&#8221;preset2&#8243; header_3_text_shadow_horizontal_length=&#8221;0.04em&#8221; header_3_text_shadow_vertical_length=&#8221;0.04em&#8221; header_4_text_shadow_style=&#8221;preset2&#8243; header_4_text_shadow_horizontal_length=&#8221;0.04em&#8221; header_4_text_shadow_vertical_length=&#8221;0.04em&#8221; header_5_text_shadow_style=&#8221;preset2&#8243; header_5_text_shadow_horizontal_length=&#8221;0.04em&#8221; header_5_text_shadow_vertical_length=&#8221;0.04em&#8221; header_6_text_shadow_style=&#8221;preset2&#8243; header_6_text_shadow_horizontal_length=&#8221;0.04em&#8221; header_6_text_shadow_vertical_length=&#8221;0.04em&#8221; global_colors_info=&#8221;{}&#8221;]<\/p>\n<h1>Portfolyo<\/h1>\n<p>[\/et_pb_text][\/et_pb_column][\/et_pb_row][\/et_pb_section][et_pb_section fb_built=&#8221;1&#8243; admin_label=&#8221;Gallery&#8221; module_id=&#8221;projects&#8221; _builder_version=&#8221;4.16&#8243; global_colors_info=&#8221;{}&#8221;][et_pb_row _builder_version=&#8221;4.16&#8243; locked=&#8221;off&#8221; global_colors_info=&#8221;{}&#8221;][et_pb_column type=&#8221;4_4&#8243; _builder_version=&#8221;4.16&#8243; custom_padding=&#8221;|||&#8221; global_colors_info=&#8221;{}&#8221; custom_padding__hover=&#8221;|||&#8221;][et_pb_text _builder_version=&#8221;4.16&#8243; header_2_font=&#8221;Montserrat|600||on|||||&#8221; header_2_text_align=&#8221;center&#8221; header_2_text_color=&#8221;#102448&#8243; header_2_font_size=&#8221;36px&#8221; header_2_letter_spacing=&#8221;5px&#8221; header_2_line_height=&#8221;1.3em&#8221; background_layout=&#8221;dark&#8221; custom_margin=&#8221;||0px|||&#8221; header_font_size_tablet=&#8221;30px&#8221; header_font_size_phone=&#8221;24px&#8221; header_font_size_last_edited=&#8221;on|phone&#8221; header_2_font_size_tablet=&#8221;30px&#8221; header_2_font_size_phone=&#8221;24px&#8221; header_2_font_size_last_edited=&#8221;on|phone&#8221; header_3_font_size_tablet=&#8221;30px&#8221; header_3_font_size_phone=&#8221;24px&#8221; header_3_font_size_last_edited=&#8221;off|desktop&#8221; header_4_font_size_tablet=&#8221;30px&#8221; header_4_font_size_phone=&#8221;24px&#8221; header_4_font_size_last_edited=&#8221;off|desktop&#8221; header_5_font_size_tablet=&#8221;30px&#8221; header_5_font_size_phone=&#8221;24px&#8221; header_5_font_size_last_edited=&#8221;off|desktop&#8221; header_6_font_size_tablet=&#8221;30px&#8221; header_6_font_size_phone=&#8221;24px&#8221; header_6_font_size_last_edited=&#8221;off|desktop&#8221; locked=&#8221;off&#8221; global_colors_info=&#8221;{}&#8221;]<\/p>\n<h2>Projeler<\/h2>\n<p>[\/et_pb_text][et_pb_divider color=&#8221;#ffb400&#8243; divider_position=&#8221;center&#8221; divider_weight=&#8221;5px&#8221; _builder_version=&#8221;4.16&#8243; max_width=&#8221;72px&#8221; module_alignment=&#8221;center&#8221; locked=&#8221;off&#8221; global_colors_info=&#8221;{}&#8221;][\/et_pb_divider][\/et_pb_column][\/et_pb_row][et_pb_row use_custom_gutter=&#8221;on&#8221; gutter_width=&#8221;2&#8243; _builder_version=&#8221;4.16&#8243; _module_preset=&#8221;default&#8221; width=&#8221;85%&#8221; max_width=&#8221;85vw&#8221; global_colors_info=&#8221;{}&#8221;][et_pb_column type=&#8221;4_4&#8243; _builder_version=&#8221;4.16&#8243; _module_preset=&#8221;default&#8221; global_colors_info=&#8221;{}&#8221;][et_pb_filterable_portfolio fullwidth=&#8221;off&#8221; posts_number=&#8221;36&#8243; _builder_version=&#8221;4.17.6&#8243; _module_preset=&#8221;default&#8221; hover_enabled=&#8221;0&#8243; global_colors_info=&#8221;{}&#8221; border_radii_image__hover_enabled=&#8221;on|hover&#8221; border_radii_image__hover=&#8221;on|5px|5px|5px|5px&#8221; sticky_enabled=&#8221;0&#8243;][\/et_pb_filterable_portfolio][et_pb_button button_url=&#8221;https:\/\/www.sinanmertsener.com\/portfolio\/&#8221; url_new_window=&#8221;on&#8221; button_text=&#8221;Projects Archive (Pre-2020)&#8221; button_alignment=&#8221;center&#8221; admin_label=&#8221;Old Site Button&#8221; _builder_version=&#8221;4.17.6&#8243; _module_preset=&#8221;default&#8221; custom_button=&#8221;on&#8221; global_colors_info=&#8221;{}&#8221;][\/et_pb_button][\/et_pb_column][\/et_pb_row][\/et_pb_section][et_pb_section fb_built=&#8221;1&#8243; admin_label=&#8221;Testimonials&#8221; module_id=&#8221;awards&#8221; _builder_version=&#8221;4.16&#8243; locked=&#8221;off&#8221; global_colors_info=&#8221;{}&#8221;][et_pb_row _builder_version=&#8221;4.16&#8243; locked=&#8221;off&#8221; global_colors_info=&#8221;{}&#8221;][et_pb_column type=&#8221;4_4&#8243; _builder_version=&#8221;4.16&#8243; custom_padding=&#8221;|||&#8221; global_colors_info=&#8221;{}&#8221; custom_padding__hover=&#8221;|||&#8221;][et_pb_text _builder_version=&#8221;4.16&#8243; header_2_font=&#8221;Montserrat|600||on|||||&#8221; header_2_text_align=&#8221;center&#8221; header_2_text_color=&#8221;#102448&#8243; header_2_font_size=&#8221;36px&#8221; header_2_letter_spacing=&#8221;5px&#8221; header_2_line_height=&#8221;1.3em&#8221; background_layout=&#8221;dark&#8221; custom_margin=&#8221;||0px|||&#8221; header_font_size_tablet=&#8221;30px&#8221; header_font_size_phone=&#8221;24px&#8221; header_font_size_last_edited=&#8221;on|phone&#8221; header_2_font_size_tablet=&#8221;30px&#8221; header_2_font_size_phone=&#8221;24px&#8221; header_2_font_size_last_edited=&#8221;on|phone&#8221; header_3_font_size_tablet=&#8221;30px&#8221; header_3_font_size_phone=&#8221;24px&#8221; header_3_font_size_last_edited=&#8221;off|desktop&#8221; header_4_font_size_tablet=&#8221;30px&#8221; header_4_font_size_phone=&#8221;24px&#8221; header_4_font_size_last_edited=&#8221;off|desktop&#8221; header_5_font_size_tablet=&#8221;30px&#8221; header_5_font_size_phone=&#8221;24px&#8221; header_5_font_size_last_edited=&#8221;off|desktop&#8221; header_6_font_size_tablet=&#8221;30px&#8221; header_6_font_size_phone=&#8221;24px&#8221; header_6_font_size_last_edited=&#8221;off|desktop&#8221; locked=&#8221;off&#8221; global_colors_info=&#8221;{}&#8221;]<\/p>\n<h2>Ulusal \u00d6d\u00fcller<\/h2>\n<p>[\/et_pb_text][et_pb_divider color=&#8221;#ffb400&#8243; divider_position=&#8221;center&#8221; divider_weight=&#8221;5px&#8221; _builder_version=&#8221;4.16&#8243; max_width=&#8221;72px&#8221; module_alignment=&#8221;center&#8221; locked=&#8221;off&#8221; global_colors_info=&#8221;{}&#8221;][\/et_pb_divider][\/et_pb_column][\/et_pb_row][et_pb_row disabled_on=&#8221;off|on|on&#8221; _builder_version=&#8221;4.16&#8243; _module_preset=&#8221;default&#8221; global_colors_info=&#8221;{}&#8221;][et_pb_column type=&#8221;4_4&#8243; _builder_version=&#8221;4.16&#8243; _module_preset=&#8221;default&#8221; global_colors_info=&#8221;{}&#8221;][et_pb_text _builder_version=&#8221;4.16&#8243; _module_preset=&#8221;default&#8221; global_colors_info=&#8221;{}&#8221;]<\/p>\n<p style=\"text-align: center;\"><span><img data-recalc-dims=\"1\" loading=\"lazy\" decoding=\"async\" src=\"https:\/\/i0.wp.com\/www.hivetas.com\/wp-content\/uploads\/2022\/08\/rotate-device-512x197-1.png?resize=200%2C77&#038;ssl=1\" width=\"200\" height=\"77\" alt=\"\" class=\"wp-image-224387 alignnone size-medium\" \/><\/span><\/p>\n<p style=\"text-align: center;\"><span>Tabloyu g\u00f6r\u00fcnt\u00fclemek i\u00e7in l\u00fctfen cihaz\u0131n\u0131z\u0131 yatay tutun. D\u00fc\u015fey y\u00f6n kilidi aktifse kapat\u0131n.<\/span><\/p>\n<p>[\/et_pb_text][\/et_pb_column][\/et_pb_row][et_pb_row _builder_version=&#8221;4.16&#8243; _module_preset=&#8221;default&#8221; global_colors_info=&#8221;{}&#8221;][et_pb_column type=&#8221;4_4&#8243; _builder_version=&#8221;4.16&#8243; _module_preset=&#8221;default&#8221; global_colors_info=&#8221;{}&#8221;][et_pb_text _builder_version=&#8221;4.16&#8243; _module_preset=&#8221;default&#8221; text_font_size=&#8221;16px&#8221; header_3_font=&#8221;Montserrat|700|||||||&#8221; header_3_font_size=&#8221;18px&#8221; global_colors_info=&#8221;{}&#8221;]<\/p>\n<table border=\"1\" style=\"border-collapse: collapse; width: 100%;\">\n<tbody>\n<tr>\n<td style=\"width: 35%;\">\n<h3>Yar\u0131\u015fma<\/h3>\n<\/td>\n<td style=\"width: 25%;\">\n<h3>\u00d6d\u00fcl<\/h3>\n<\/td>\n<td style=\"width: 25%;\">\n<h3>Di\u011fer M\u00fcellifler<\/h3>\n<\/td>\n<td style=\"width: 15%;\">\n<h3>Tarih<\/h3>\n<\/td>\n<\/tr>\n<tr>\n<td style=\"width: 25%;\">Eski\u015fehir Tepeba\u015f\u0131 Belediyesi Ba\u015fkan\u0131l\u0131k ve Hizmet Binas\u0131 Ulusal Mimari Proje Yar\u0131\u015fmas\u0131<\/td>\n<td style=\"width: 25%;\"><strong>3. \u00d6d\u00fcl<\/strong><\/td>\n<td style=\"width: 25%;\">T. \u00c7imen<\/td>\n<td style=\"width: 25%;\">2004<\/td>\n<\/tr>\n<tr>\n<td style=\"width: 25%;\">Gaziosmanpa\u015fa Belediyesi Hizmet Alan\u0131 Mimari &#8211; Kentsel Tasar\u0131m Ulusal Proje Yar\u0131\u015fmas\u0131<\/td>\n<td style=\"width: 25%;\"><strong>Sat\u0131nalma<\/strong><\/td>\n<td style=\"width: 25%;\">T. \u00c7imen<\/td>\n<td style=\"width: 25%;\">2004<\/td>\n<\/tr>\n<tr>\n<td style=\"width: 25%;\">Bursa K\u00fclt\u00fcr Park Kentsel Tasar\u0131m Ulusal Yar\u0131\u015fmas\u0131<\/td>\n<td style=\"width: 25%;\"><strong>5. Mansiyon<\/strong><\/td>\n<td style=\"width: 25%;\">U. Erkman, M. Ali Y\u00fczer<\/td>\n<td style=\"width: 25%;\">2001<\/td>\n<\/tr>\n<tr>\n<td style=\"width: 25%;\">Kad\u0131k\u00f6y Meydan\u0131 ve \u00c7evresi Kentsel Tasar\u0131m Yar\u0131\u015fmas\u0131<\/td>\n<td style=\"width: 25%;\"><strong>2. Mansiyon<\/strong><\/td>\n<td style=\"width: 25%;\">M. Ali Y\u00fczer, E. Ey\u00fcbo\u011flu<\/td>\n<td style=\"width: 25%;\">2001<\/td>\n<\/tr>\n<tr>\n<td style=\"width: 25%;\">\u0130T\u00dc \u00d6\u011frenci Yurtlar\u0131 Mimari Proje Yar\u0131\u015fmas\u0131<\/td>\n<td style=\"width: 25%;\"><strong>2. \u00d6d\u00fcl<\/strong><\/td>\n<td style=\"width: 25%;\">&#8211;<\/td>\n<td style=\"width: 25%;\">1997<\/td>\n<\/tr>\n<tr>\n<td style=\"width: 25%;\">\u0130stanbul Gaziosmanpa\u015fa 300 Yatakl\u0131 Devlet Hastanesi Mimari Proje Yar\u0131\u015fmas\u0131<\/td>\n<td style=\"width: 25%;\"><strong>Sat\u0131nalma<\/strong><\/td>\n<td style=\"width: 25%;\">A. \u00d6kmen<\/td>\n<td style=\"width: 25%;\">1995<\/td>\n<\/tr>\n<tr>\n<td style=\"width: 25%;\">Ankara Opera, Bale ve Kongre Merkezi Ulusal Yar\u0131\u015fmas\u0131<\/td>\n<td style=\"width: 25%;\"><strong>Sat\u0131nalma<\/strong><\/td>\n<td style=\"width: 25%;\">&#8211;<\/td>\n<td style=\"width: 25%;\">1995<\/td>\n<\/tr>\n<tr>\n<td style=\"width: 25%;\">Tari\u015f Genel M\u00fcd\u00fcrl\u00fck ve Sosyal Tesisleri Ulusal Yar\u0131\u015fmas\u0131<\/td>\n<td style=\"width: 25%;\"><strong>2. \u00d6d\u00fcl<\/strong><\/td>\n<td style=\"width: 25%;\">S. Velio\u011flu<\/td>\n<td style=\"width: 25%;\">1994<\/td>\n<\/tr>\n<tr>\n<td style=\"width: 25%;\">\u0130zmir Z\u00fcbeyde Han\u0131m K\u00fclt\u00fcr Merkezi Ulusal Yar\u0131\u015fmas\u0131<\/td>\n<td style=\"width: 25%;\"><strong>3. \u00d6d\u00fcl<\/strong><\/td>\n<td style=\"width: 25%;\">S. Velio\u011flu<\/td>\n<td style=\"width: 25%;\">1994<\/td>\n<\/tr>\n<tr>\n<td style=\"width: 25%;\">\u0130stanbul Kad\u0131k\u00f6y H\u00fck\u00fcmet Kona\u011f\u0131<\/td>\n<td style=\"width: 25%;\"><strong>2. Mansiyon<\/strong><\/td>\n<td style=\"width: 25%;\">S. Velio\u011flu<\/td>\n<td style=\"width: 25%;\">1993<\/td>\n<\/tr>\n<tr>\n<td style=\"width: 25%;\">\u0130stanbul Kartal Meydan\u0131 ve Kentsel Tasar\u0131m Yar\u0131\u015fmas\u0131<\/td>\n<td style=\"width: 25%;\"><strong>2. \u00d6d\u00fcl<\/strong><\/td>\n<td style=\"width: 25%;\">S. Velio\u011flu<\/td>\n<td style=\"width: 25%;\">1993<\/td>\n<\/tr>\n<tr>\n<td style=\"width: 25%;\">S\u00f6\u011f\u00fct Ertu\u011frul Gazi K\u00fclt\u00fcr Merkezi Ulusal Yar\u0131\u015fmas\u0131<\/td>\n<td style=\"width: 25%;\"><strong>2. \u00d6d\u00fcl<\/strong><\/td>\n<td style=\"width: 25%;\">E. \u00c7il, S. Velio\u011flu<\/td>\n<td style=\"width: 25%;\">1993<\/td>\n<\/tr>\n<tr>\n<td style=\"width: 25%;\">TC KOSGEB Genel M\u00fcd\u00fcrl\u00fck Ulusal Mimari Proje Yar\u0131\u015fmas\u0131<\/td>\n<td style=\"width: 25%;\"><strong>Sat\u0131nalma<\/strong><\/td>\n<td style=\"width: 25%;\">S. Velio\u011flu<\/td>\n<td style=\"width: 25%;\">1993<\/td>\n<\/tr>\n<tr>\n<td style=\"width: 25%;\">\u0130stanbul Surd\u0131\u015f\u0131 Bak\u0131rk\u00f6y Adliyesi Ulusal Mimari Proje Yar\u0131\u015fmas\u0131<\/td>\n<td style=\"width: 25%;\"><strong>3. \u00d6d\u00fcl<\/strong><\/td>\n<td style=\"width: 25%;\">S. Velio\u011flu, H. Kahvecio\u011flu<\/td>\n<td style=\"width: 25%;\">1991<\/td>\n<\/tr>\n<tr>\n<td style=\"width: 25%;\">Selami\u00e7e\u015fme Park ve Kentsel Tasar\u0131m Yar\u0131\u015fmas\u0131<\/td>\n<td style=\"width: 25%;\"><strong>2. \u00d6d\u00fcl<\/strong><\/td>\n<td style=\"width: 25%;\">S. Velio\u011flu, H. Kahvecio\u011flu<\/td>\n<td style=\"width: 25%;\">1990<\/td>\n<\/tr>\n<tr>\n<td style=\"width: 25%;\">Be\u015fikta\u015f Kentsel Tasar\u0131m Yar\u0131\u015fmas\u0131<\/td>\n<td style=\"width: 25%;\"><strong>4. Mansiyon<\/strong><\/td>\n<td style=\"width: 25%;\">S. Velio\u011flu, H. Kahvecio\u011flu<\/td>\n<td style=\"width: 25%;\">1990<\/td>\n<\/tr>\n<\/tbody>\n<\/table>\n<p>[\/et_pb_text][\/et_pb_column][\/et_pb_row][\/et_pb_section][et_pb_section fb_built=&#8221;1&#8243; make_equal=&#8221;on&#8221; specialty=&#8221;on&#8221; padding_top_1=&#8221;0px&#8221; padding_top_2=&#8221;8%&#8221; padding_top_bottom_link_1=&#8221;false&#8221; padding_top_bottom_link_2=&#8221;false&#8221; padding_left_right_link_1=&#8221;false&#8221; padding_left_right_link_2=&#8221;false&#8221; admin_label=&#8221;Footer&#8221; module_id=&#8221;contact&#8221; _builder_version=&#8221;4.12.0&#8243; background_color=&#8221;#102448&#8243; background_image=&#8221;http:\/\/www.sinanmertsener.com\/wp-content\/uploads\/2021\/10\/administration_building-scaled.jpg&#8221; background_blend=&#8221;multiply&#8221; custom_padding=&#8221;0px|||||&#8221; global_module=&#8221;224292&#8243; locked=&#8221;off&#8221; global_colors_info=&#8221;{}&#8221;][et_pb_column type=&#8221;1_2&#8243; _builder_version=&#8221;4.16&#8243; custom_padding=&#8221;|||&#8221; global_colors_info=&#8221;{}&#8221; custom_padding__hover=&#8221;|||&#8221;][et_pb_code _builder_version=&#8221;4.16&#8243; _module_preset=&#8221;default&#8221; global_colors_info=&#8221;{}&#8221;]<iframe loading=\"lazy\" width=\"714\" height=\"512\" id=\"gmap_canvas\" src=\"https:\/\/maps.google.com\/maps?q=Yal%C4%B1kavak,%20Eser%20Cd.%20No:2,%2048990%20Bodrum\/Mu%C4%9Fla&#038;t=&#038;z=15&#038;ie=UTF8&#038;iwloc=&#038;output=embed\" frameborder=\"0\" scrolling=\"no\" marginheight=\"0\" marginwidth=\"0\"><\/iframe>[\/et_pb_code][\/et_pb_column][et_pb_column type=&#8221;1_2&#8243; specialty_columns=&#8221;2&#8243; _builder_version=&#8221;4.16&#8243; custom_padding=&#8221;|||&#8221; global_colors_info=&#8221;{}&#8221; custom_padding__hover=&#8221;|||&#8221;][et_pb_row_inner _builder_version=&#8221;4.16&#8243; custom_margin=&#8221;||||false|false&#8221; global_colors_info=&#8221;{}&#8221;][et_pb_column_inner saved_specialty_column_type=&#8221;1_2&#8243; _builder_version=&#8221;4.16&#8243; global_colors_info=&#8221;{}&#8221;][et_pb_text _builder_version=&#8221;4.16&#8243; header_2_font=&#8221;Montserrat|600||on|||||&#8221; header_2_text_align=&#8221;left&#8221; header_2_text_color=&#8221;#FFFFFF&#8221; header_2_font_size=&#8221;40px&#8221; header_2_letter_spacing=&#8221;5px&#8221; header_2_line_height=&#8221;1.3em&#8221; background_layout=&#8221;dark&#8221; custom_margin=&#8221;||0px|||&#8221; header_font_size_tablet=&#8221;30px&#8221; header_font_size_phone=&#8221;24px&#8221; header_font_size_last_edited=&#8221;on|phone&#8221; header_2_font_size_tablet=&#8221;30px&#8221; header_2_font_size_phone=&#8221;24px&#8221; header_2_font_size_last_edited=&#8221;on|phone&#8221; locked=&#8221;off&#8221; global_colors_info=&#8221;{}&#8221;]<\/p>\n<h2>HIVE'a ula\u015f\u0131n<\/h2>\n<p>[\/et_pb_text][\/et_pb_column_inner][\/et_pb_row_inner][et_pb_row_inner column_structure=&#8221;1_2,1_2&#8243; _builder_version=&#8221;4.16&#8243; global_colors_info=&#8221;{}&#8221;][et_pb_column_inner type=&#8221;1_2&#8243; saved_specialty_column_type=&#8221;1_2&#8243; _builder_version=&#8221;4.16&#8243; global_colors_info=&#8221;{}&#8221;][et_pb_blurb title=&#8221;Email&#8221; use_icon=&#8221;on&#8221; font_icon=&#8221;&#xe076;||divi||400&#8243; icon_color=&#8221;rgba(255,255,255,0.85)&#8221; icon_placement=&#8221;left&#8221; image_icon_width=&#8221;24px&#8221; _builder_version=&#8221;4.16&#8243; header_font=&#8221;Montserrat|700|||||||&#8221; header_font_size=&#8221;20px&#8221; header_line_height=&#8221;1.3em&#8221; body_font=&#8221;Exo 2|300|||||||&#8221; body_font_size=&#8221;16px&#8221; body_line_height=&#8221;1.8em&#8221; background_layout=&#8221;dark&#8221; animation=&#8221;off&#8221; header_font_size_tablet=&#8221;18px&#8221; header_font_size_phone=&#8221;&#8221; header_font_size_last_edited=&#8221;on|tablet&#8221; icon_font_size=&#8221;24px&#8221; locked=&#8221;off&#8221; global_colors_info=&#8221;{}&#8221;]<\/p>\n<p>info@hivetas.com<\/p>\n<p>[\/et_pb_blurb][et_pb_blurb title=&#8221;Instagram&#8221; url=&#8221;https:\/\/www.instagram.com\/hivettas\/?hl=en&#8221; url_new_window=&#8221;on&#8221; use_icon=&#8221;on&#8221; font_icon=&#8221;&#xe09a;||divi||400&#8243; icon_color=&#8221;rgba(255,255,255,0.85)&#8221; icon_placement=&#8221;left&#8221; image_icon_width=&#8221;24px&#8221; _builder_version=&#8221;4.16&#8243; header_font=&#8221;Montserrat|700|||||||&#8221; header_font_size=&#8221;20px&#8221; header_line_height=&#8221;1.3em&#8221; body_font=&#8221;Exo 2|300|||||||&#8221; body_font_size=&#8221;16px&#8221; body_line_height=&#8221;1.8em&#8221; background_layout=&#8221;dark&#8221; animation=&#8221;off&#8221; header_font_size_tablet=&#8221;18px&#8221; header_font_size_phone=&#8221;&#8221; header_font_size_last_edited=&#8221;on|tablet&#8221; icon_font_size=&#8221;24px&#8221; global_colors_info=&#8221;{}&#8221;]<\/p>\n<p><a href=\"https:\/\/www.instagram.com\/hivettas\/?hl=en\" target=\"_blank\" rel=\"noopener\">@hivettas<\/a><\/p>\n<p>[\/et_pb_blurb][\/et_pb_column_inner][et_pb_column_inner type=&#8221;1_2&#8243; saved_specialty_column_type=&#8221;1_2&#8243; _builder_version=&#8221;4.16&#8243; global_colors_info=&#8221;{}&#8221;][et_pb_blurb title=&#8221;Address&#8221; use_icon=&#8221;on&#8221; font_icon=&#8221;&#xe081;||divi||400&#8243; icon_color=&#8221;rgba(255,255,255,0.85)&#8221; icon_placement=&#8221;left&#8221; image_icon_width=&#8221;24px&#8221; _builder_version=&#8221;4.16&#8243; header_font=&#8221;Montserrat|700|||||||&#8221; header_font_size=&#8221;20px&#8221; header_line_height=&#8221;1.3em&#8221; body_font=&#8221;Exo 2|300|||||||&#8221; body_font_size=&#8221;16px&#8221; body_line_height=&#8221;1.8em&#8221; background_layout=&#8221;dark&#8221; animation=&#8221;off&#8221; header_font_size_tablet=&#8221;18px&#8221; header_font_size_phone=&#8221;&#8221; header_font_size_last_edited=&#8221;on|tablet&#8221; icon_font_size=&#8221;24px&#8221; locked=&#8221;off&#8221; global_colors_info=&#8221;{}&#8221;]<\/p>\n<p><strong>HIVE Tasar\u0131m ve Teknoloji A.\u015e.<\/strong><br \/><span>Yal\u0131kavak Mh. Eser Cd. No: 2\/17<\/span><br \/><span>48990 Bodrum\/ Mu\u011fla<\/span><\/p>\n<p>[\/et_pb_blurb][\/et_pb_column_inner][\/et_pb_row_inner][\/et_pb_column][\/et_pb_section]<\/p>","protected":false},"excerpt":{"rendered":"<p>PortfolioProjectsNational Awards Please keep your device horizontal to view the table. Turn off the orientation lock if it is active. Competition Award Co-authors Date Eski\u015fehir Tepeba\u015f\u0131 Belediyesi Ba\u015fkan\u0131l\u0131k ve Hizmet Binas\u0131 Ulusal Mimari Proje Yar\u0131\u015fmas\u0131 3rd Prize T. \u00c7imen 2004 Gaziosmanpa\u015fa Belediyesi Hizmet Alan\u0131 Mimari &#8211; Kentsel Tasar\u0131m Ulusal Proje Yar\u0131\u015fmas\u0131 Acquisition T. \u00c7imen 2004 [&hellip;]<\/p>","protected":false},"author":1,"featured_media":0,"parent":0,"menu_order":0,"comment_status":"closed","ping_status":"closed","template":"","meta":{"_et_pb_use_builder":"on","_et_pb_old_content":"","_et_gb_content_width":"","footnotes":""},"class_list":["post-224282","page","type-page","status-publish","hentry"],"jetpack_sharing_enabled":true,"_links":{"self":[{"href":"https:\/\/www.hivetas.com\/tr\/wp-json\/wp\/v2\/pages\/224282","targetHints":{"allow":["GET"]}}],"collection":[{"href":"https:\/\/www.hivetas.com\/tr\/wp-json\/wp\/v2\/pages"}],"about":[{"href":"https:\/\/www.hivetas.com\/tr\/wp-json\/wp\/v2\/types\/page"}],"author":[{"embeddable":true,"href":"https:\/\/www.hivetas.com\/tr\/wp-json\/wp\/v2\/users\/1"}],"replies":[{"embeddable":true,"href":"https:\/\/www.hivetas.com\/tr\/wp-json\/wp\/v2\/comments?post=224282"}],"version-history":[{"count":20,"href":"https:\/\/www.hivetas.com\/tr\/wp-json\/wp\/v2\/pages\/224282\/revisions"}],"predecessor-version":[{"id":224795,"href":"https:\/\/www.hivetas.com\/tr\/wp-json\/wp\/v2\/pages\/224282\/revisions\/224795"}],"wp:attachment":[{"href":"https:\/\/www.hivetas.com\/tr\/wp-json\/wp\/v2\/media?parent=224282"}],"curies":[{"name":"wp","href":"https:\/\/api.w.org\/{rel}","templated":true}]}}